{"id":130,"date":"2016-09-28T16:32:06","date_gmt":"2016-09-28T14:32:06","guid":{"rendered":"http:\/\/luismiguelpardo.com\/ca\/bio-actor\/"},"modified":"2024-06-06T12:37:33","modified_gmt":"2024-06-06T10:37:33","slug":"bio-actor","status":"publish","type":"page","link":"https:\/\/luismiguelpardo.com\/ca\/bio-actor\/","title":{"rendered":"Bio"},"content":{"rendered":"\t\t<div data-elementor-type=\"wp-page\" data-elementor-id=\"130\" class=\"elementor elementor-130 elementor-9\" data-elementor-post-type=\"page\">\n\t\t\t\t<div class=\"elementor-element elementor-element-e2b13b9 e-con-full e-flex e-con e-parent\" data-id=\"e2b13b9\" data-element_type=\"container\" data-e-type=\"container\">\n\t\t<div class=\"elementor-element elementor-element-bf25a90 e-con-full e-flex e-con e-child\" data-id=\"bf25a90\" data-element_type=\"container\" data-e-type=\"container\">\n\t\t\t\t<div class=\"elementor-element elementor-element-7c0754f elementor-widget elementor-widget-heading\" data-id=\"7c0754f\" data-element_type=\"widget\" data-e-type=\"widget\" data-widget_type=\"heading.default\">\n\t\t\t\t<div class=\"elementor-widget-container\">\n\t\t\t\t\t<h1 class=\"elementor-heading-title elementor-size-default\">Biografia<\/h1>\t\t\t\t<\/div>\n\t\t\t\t<\/div>\n\t\t\t\t<div class=\"elementor-element elementor-element-511e7343 elementor-widget elementor-widget-text-editor\" data-id=\"511e7343\" data-element_type=\"widget\" data-e-type=\"widget\" data-widget_type=\"text-editor.default\">\n\t\t\t\t<div class=\"elementor-widget-container\">\n\t\t\t\t\t\t\t\t\t<p>Nascut a S\u00f2ria i viu a Barcelona on ha elaborat la seva carrera professional. Va comen\u00e7ar desde molt jove al teatre de carrer en companyies conegudes com Els Comedians o La fura dels Baus, i ben aviat en la seva pr\u00f2pia companyia: <span style=\"text-decoration: underline;\"><strong><a href=\"https:\/\/insolits.com\/ca\/\" target=\"_blank\" rel=\"noopener\">Insolits<\/a><\/strong><\/span>.<\/p><p>La seva habilitat per fer personatges c\u00f2mics i dram\u00e0tics, i la seva passi\u00f3 per les arts esc\u00e8niques el va conduir cap al sector audio visual on ha pogut donar vida a personatges molt caracter\u00edstics i diversos. La seva actual maduresa i experi\u00e8ncia vital l\u2019acompanyen en la veritat dels personatges que interpreta.<\/p><p>Havent-se format en diversos Workshops amb professors com Kari Margolis, Javier Galit\u00f3-Cava, Mathew Graham, Boris Rotenstein, Pere Sais i despr\u00e9s de poder treballar multitud de personatges, la seva expressi\u00f3 corporal i habilitats desenvolupades el converteixen en un actor vers\u00e0til i amb multitud de registres.<\/p><p>Durant m\u00e9s de 25 anys de dedicaci\u00f3 professional hem pogut veure\u2019l treballar en publicitat, s\u00e8ries de TV, cinema, en companyies de teatre, en m\u00e9s de 30 curtometratges, en festivals internacionals de teatre, en esdeveniments i com a clown.<\/p>\t\t\t\t\t\t\t\t<\/div>\n\t\t\t\t<\/div>\n\t\t\t\t<\/div>\n\t\t<div class=\"elementor-element elementor-element-5715a85 e-con-full e-flex elementor-invisible e-con e-child\" data-id=\"5715a85\" data-element_type=\"container\" data-e-type=\"container\" data-settings=\"{&quot;background_background&quot;:&quot;classic&quot;,&quot;sticky&quot;:&quot;top&quot;,&quot;sticky_on&quot;:[&quot;desktop&quot;,&quot;tablet&quot;],&quot;animation&quot;:&quot;fadeIn&quot;,&quot;sticky_offset&quot;:0,&quot;sticky_effects_offset&quot;:0,&quot;sticky_anchor_link_offset&quot;:0}\">\n\t\t\t\t<div class=\"elementor-element elementor-element-79c4f1d elementor-widget elementor-widget-spacer\" data-id=\"79c4f1d\" data-element_type=\"widget\" data-e-type=\"widget\" data-widget_type=\"spacer.default\">\n\t\t\t\t<div class=\"elementor-widget-container\">\n\t\t\t\t\t\t\t<div class=\"elementor-spacer\">\n\t\t\t<div class=\"elementor-spacer-inner\"><\/div>\n\t\t<\/div>\n\t\t\t\t\t\t<\/div>\n\t\t\t\t<\/div>\n\t\t\t\t<\/div>\n\t\t\t\t<\/div>\n\t\t\t\t<\/div>\n\t\t","protected":false},"excerpt":{"rendered":"<p>Biografia Nascut a S\u00f2ria i viu a Barcelona on ha elaborat la seva carrera professional. Va comen\u00e7ar desde molt jove al teatre de carrer en companyies conegudes com Els Comedians o La fura dels Baus, i ben aviat en la seva pr\u00f2pia companyia: Insolits. La seva habilitat per fer personatges c\u00f2mics i dram\u00e0tics, i la [&hellip;]<\/p>\n","protected":false},"author":2,"featured_media":0,"parent":0,"menu_order":0,"comment_status":"closed","ping_status":"closed","template":"","meta":{"footnotes":""},"class_list":["post-130","page","type-page","status-publish","hentry"],"yoast_head":"<!-- This site is optimized with the Yoast SEO plugin v27.4 - https:\/\/yoast.com\/product\/yoast-seo-wordpress\/ -->\n<title>Bio - Luis Miguel Pardo<\/title>\n<meta name=\"description\" content=\"Biograf\u00eda del actor Luis Miguel Pardo.\" \/>\n<meta name=\"robots\" content=\"index, follow, max-snippet:-1, max-image-preview:large, max-video-preview:-1\" \/>\n<link rel=\"canonical\" href=\"https:\/\/luismiguelpardo.com\/bio-actor\/\" \/>\n<meta property=\"og:locale\" content=\"ca_ES\" \/>\n<meta property=\"og:type\" content=\"article\" \/>\n<meta property=\"og:title\" content=\"Bio - Luis Miguel Pardo\" \/>\n<meta property=\"og:description\" content=\"Biograf\u00eda del actor Luis Miguel Pardo.\" \/>\n<meta property=\"og:url\" content=\"https:\/\/luismiguelpardo.com\/bio-actor\/\" \/>\n<meta property=\"og:site_name\" content=\"Luis Miguel Pardo\" \/>\n<meta property=\"article:publisher\" content=\"https:\/\/www.facebook.com\/luis.m.pardo.5\" \/>\n<meta property=\"article:modified_time\" content=\"2024-06-06T10:37:33+00:00\" \/>\n<meta property=\"og:image\" content=\"https:\/\/luismiguelpardo.com\/wp-content\/uploads\/2016\/09\/luismi-pardo-actor.jpg\" \/>\n\t<meta property=\"og:image:width\" content=\"3000\" \/>\n\t<meta property=\"og:image:height\" content=\"1993\" \/>\n\t<meta property=\"og:image:type\" content=\"image\/jpeg\" \/>\n<meta name=\"twitter:card\" content=\"summary_large_image\" \/>\n<meta name=\"twitter:site\" content=\"@luismi61772150\" \/>\n<meta name=\"twitter:label1\" content=\"Temps estimat de lectura\" \/>\n\t<meta name=\"twitter:data1\" content=\"1 minut\" \/>\n<script type=\"application\/ld+json\" class=\"yoast-schema-graph\">{\"@context\":\"https:\\\/\\\/schema.org\",\"@graph\":[{\"@type\":\"WebPage\",\"@id\":\"https:\\\/\\\/luismiguelpardo.com\\\/bio-actor\\\/\",\"url\":\"https:\\\/\\\/luismiguelpardo.com\\\/bio-actor\\\/\",\"name\":\"Bio - Luis Miguel Pardo\",\"isPartOf\":{\"@id\":\"https:\\\/\\\/luismiguelpardo.com\\\/#website\"},\"datePublished\":\"2016-09-28T14:32:06+00:00\",\"dateModified\":\"2024-06-06T10:37:33+00:00\",\"description\":\"Biograf\u00eda del actor Luis Miguel Pardo.\",\"breadcrumb\":{\"@id\":\"https:\\\/\\\/luismiguelpardo.com\\\/bio-actor\\\/#breadcrumb\"},\"inLanguage\":\"ca\",\"potentialAction\":[{\"@type\":\"ReadAction\",\"target\":[\"https:\\\/\\\/luismiguelpardo.com\\\/bio-actor\\\/\"]}]},{\"@type\":\"BreadcrumbList\",\"@id\":\"https:\\\/\\\/luismiguelpardo.com\\\/bio-actor\\\/#breadcrumb\",\"itemListElement\":[{\"@type\":\"ListItem\",\"position\":1,\"name\":\"Portada\",\"item\":\"https:\\\/\\\/luismiguelpardo.com\\\/ca\\\/luis-miguel-pardo\\\/\"},{\"@type\":\"ListItem\",\"position\":2,\"name\":\"Bio\"}]},{\"@type\":\"WebSite\",\"@id\":\"https:\\\/\\\/luismiguelpardo.com\\\/#website\",\"url\":\"https:\\\/\\\/luismiguelpardo.com\\\/\",\"name\":\"Luis Miguel Pardo\",\"description\":\"Actor\",\"potentialAction\":[{\"@type\":\"SearchAction\",\"target\":{\"@type\":\"EntryPoint\",\"urlTemplate\":\"https:\\\/\\\/luismiguelpardo.com\\\/?s={search_term_string}\"},\"query-input\":{\"@type\":\"PropertyValueSpecification\",\"valueRequired\":true,\"valueName\":\"search_term_string\"}}],\"inLanguage\":\"ca\"}]}<\/script>\n<!-- \/ Yoast SEO plugin. -->","yoast_head_json":{"title":"Bio - Luis Miguel Pardo","description":"Biograf\u00eda del actor Luis Miguel Pardo.","robots":{"index":"index","follow":"follow","max-snippet":"max-snippet:-1","max-image-preview":"max-image-preview:large","max-video-preview":"max-video-preview:-1"},"canonical":"https:\/\/luismiguelpardo.com\/bio-actor\/","og_locale":"ca_ES","og_type":"article","og_title":"Bio - Luis Miguel Pardo","og_description":"Biograf\u00eda del actor Luis Miguel Pardo.","og_url":"https:\/\/luismiguelpardo.com\/bio-actor\/","og_site_name":"Luis Miguel Pardo","article_publisher":"https:\/\/www.facebook.com\/luis.m.pardo.5","article_modified_time":"2024-06-06T10:37:33+00:00","og_image":[{"width":3000,"height":1993,"url":"https:\/\/luismiguelpardo.com\/wp-content\/uploads\/2016\/09\/luismi-pardo-actor.jpg","type":"image\/jpeg"}],"twitter_card":"summary_large_image","twitter_site":"@luismi61772150","twitter_misc":{"Temps estimat de lectura":"1 minut"},"schema":{"@context":"https:\/\/schema.org","@graph":[{"@type":"WebPage","@id":"https:\/\/luismiguelpardo.com\/bio-actor\/","url":"https:\/\/luismiguelpardo.com\/bio-actor\/","name":"Bio - Luis Miguel Pardo","isPartOf":{"@id":"https:\/\/luismiguelpardo.com\/#website"},"datePublished":"2016-09-28T14:32:06+00:00","dateModified":"2024-06-06T10:37:33+00:00","description":"Biograf\u00eda del actor Luis Miguel Pardo.","breadcrumb":{"@id":"https:\/\/luismiguelpardo.com\/bio-actor\/#breadcrumb"},"inLanguage":"ca","potentialAction":[{"@type":"ReadAction","target":["https:\/\/luismiguelpardo.com\/bio-actor\/"]}]},{"@type":"BreadcrumbList","@id":"https:\/\/luismiguelpardo.com\/bio-actor\/#breadcrumb","itemListElement":[{"@type":"ListItem","position":1,"name":"Portada","item":"https:\/\/luismiguelpardo.com\/ca\/luis-miguel-pardo\/"},{"@type":"ListItem","position":2,"name":"Bio"}]},{"@type":"WebSite","@id":"https:\/\/luismiguelpardo.com\/#website","url":"https:\/\/luismiguelpardo.com\/","name":"Luis Miguel Pardo","description":"Actor","potentialAction":[{"@type":"SearchAction","target":{"@type":"EntryPoint","urlTemplate":"https:\/\/luismiguelpardo.com\/?s={search_term_string}"},"query-input":{"@type":"PropertyValueSpecification","valueRequired":true,"valueName":"search_term_string"}}],"inLanguage":"ca"}]}},"_links":{"self":[{"href":"https:\/\/luismiguelpardo.com\/ca\/wp-json\/wp\/v2\/pages\/130","targetHints":{"allow":["GET"]}}],"collection":[{"href":"https:\/\/luismiguelpardo.com\/ca\/wp-json\/wp\/v2\/pages"}],"about":[{"href":"https:\/\/luismiguelpardo.com\/ca\/wp-json\/wp\/v2\/types\/page"}],"author":[{"embeddable":true,"href":"https:\/\/luismiguelpardo.com\/ca\/wp-json\/wp\/v2\/users\/2"}],"replies":[{"embeddable":true,"href":"https:\/\/luismiguelpardo.com\/ca\/wp-json\/wp\/v2\/comments?post=130"}],"version-history":[{"count":10,"href":"https:\/\/luismiguelpardo.com\/ca\/wp-json\/wp\/v2\/pages\/130\/revisions"}],"predecessor-version":[{"id":531,"href":"https:\/\/luismiguelpardo.com\/ca\/wp-json\/wp\/v2\/pages\/130\/revisions\/531"}],"wp:attachment":[{"href":"https:\/\/luismiguelpardo.com\/ca\/wp-json\/wp\/v2\/media?parent=130"}],"curies":[{"name":"wp","href":"https:\/\/api.w.org\/{rel}","templated":true}]}}