{"id":133,"date":"2016-09-28T16:32:18","date_gmt":"2016-09-28T14:32:18","guid":{"rendered":"http:\/\/luismiguelpardo.com\/ca\/curriculum\/"},"modified":"2024-06-06T12:14:30","modified_gmt":"2024-06-06T10:14:30","slug":"curriculum","status":"publish","type":"page","link":"https:\/\/luismiguelpardo.com\/ca\/curriculum\/","title":{"rendered":"Curr\u00edculum"},"content":{"rendered":"\t\t<div data-elementor-type=\"wp-page\" data-elementor-id=\"133\" class=\"elementor elementor-133 elementor-10\" data-elementor-post-type=\"page\">\n\t\t\t\t<div class=\"elementor-element elementor-element-8b78016 e-con-full e-flex e-con e-parent\" data-id=\"8b78016\" data-element_type=\"container\" data-e-type=\"container\">\n\t\t<div class=\"elementor-element elementor-element-7aa019d e-con-full e-flex e-con e-child\" data-id=\"7aa019d\" data-element_type=\"container\" data-e-type=\"container\">\n\t\t<div class=\"elementor-element elementor-element-b78dfbf e-flex e-con-boxed e-con e-child\" data-id=\"b78dfbf\" data-element_type=\"container\" data-e-type=\"container\">\n\t\t\t\t\t<div class=\"e-con-inner\">\n\t\t\t\t<div class=\"elementor-element elementor-element-8b6df2f elementor-widget elementor-widget-heading\" data-id=\"8b6df2f\" data-element_type=\"widget\" data-e-type=\"widget\" data-widget_type=\"heading.default\">\n\t\t\t\t<div class=\"elementor-widget-container\">\n\t\t\t\t\t<h1 class=\"elementor-heading-title elementor-size-default\">CineMA<\/h1>\t\t\t\t<\/div>\n\t\t\t\t<\/div>\n\t\t\t\t<div class=\"elementor-element elementor-element-76df930 elementor-widget elementor-widget-text-editor\" data-id=\"76df930\" data-element_type=\"widget\" data-e-type=\"widget\" data-widget_type=\"text-editor.default\">\n\t\t\t\t<div class=\"elementor-widget-container\">\n\t\t\t\t\t\t\t\t\t<p><em><strong>Historias Lamentables<\/strong><\/em> Dir. Javier Fesser Actor de repartiment jugador poker. Llargmetratge.<br \/><em><strong>Forum Porcos <\/strong><\/em>Dir Adri\u00e1n Aparicio. ECIR Coprotagonista. Curtmetratge.<br \/><em><strong>Gallo Rojo <\/strong><\/em>Dir. Dave Jackson. ESCAC Coprotagonista. Curtmetratge.<br \/><em><strong>Oro y Sangre\u00a0<\/strong><\/em>\u00a0Dir. Jos\u00e9 Le\u00f3n. BANDAPART. Coprotagonista. Curtmetratge.<br \/><em><strong>Salud Dinero y Amor\u00a0<\/strong><\/em>\u00a0Dir. Gerard Rodr\u00edguez. EMAV. Protagonista. Curtmetratge.<br \/><em><strong>El ni\u00f1o alcalde\u00a0<\/strong><\/em>\u00a0Dir. Chiara Sulis. BANDAPART. Actor de repartiment. Curtmetratge.<br \/><em><strong>La magia del reparador\u00a0<\/strong><\/em>\u00a0Dir. Elisa Castanera. NOU PRODIGI. Protagonista. Curtmetratge.<br \/><em><strong>Polvo\u00a0<\/strong><\/em>\u00a0Dir. Ricard Moya. BANDEPART. Protagonista. Curtmetratge.<br \/><em><strong>Vaya Atrac\u00f3n\u00a0<\/strong><\/em>\u00a0Dir. Jordi Aregall. Coprotagonista. Curtmetratge.<br \/><em><strong>Violencia Domestica\u00a0<\/strong><\/em>\u00a0Dir. Ricard Moya. BANDEPART. Coprotagonista. Curtmetratge.<br \/><em><strong>Fausto\u00a0<\/strong><\/em>\u00a0Dir. Cristina \u00c1lamo. NOU PRODIGI. Protagonista. Curtmetratge.<br \/><em><strong>Ascenso al Infierno\u00a0<\/strong><\/em>\u00a0Dir. Pedro Fern\u00e1ndez. TMR. Protagonista. Curtmetratge.<br \/><em><strong>Hombre sin moral\u00a0<\/strong><\/em>\u00a0Dir. Luc\u00eda Hurtado. CECC. Protagonista. Curtmetratge.<br \/><em><strong>Juegas\u00a0<\/strong><\/em>\u00a0Dir. Dani de la Orden. ESCAC. Actor de repartiment: el cazador. Curtmetratge.<br \/><em><strong>Mi Padre\u00a0<\/strong><\/em>\u00a0Dir. Dani de la Orden. ESCAC. Protagonista. Curtmetratge.<br \/><em><strong>Y al final\u00a0<\/strong><\/em><strong>\u00a0<\/strong>Dir. Hodey del Barrio. ESCAC. Coprotagonista. Curtmetratge.<br \/><em><strong>Hitzen Ondonea\u00a0<\/strong><\/em>\u00a0Dir. Ander Iriarte. ESCAC. Coprotagonista. Curtmetratge.<br \/><em><strong>Un poema de\u2026\u00a0<\/strong><\/em><strong>\u00a0<\/strong>Dir. Dani de la Orden. ESCAC. Actor de repartiment: guardia civil. Curtmetratge.<br \/><em><strong>25 kilates\u00a0<\/strong><\/em> Dir. Patxi Am\u00e9zcua. Actor de repartiment: Se\u00f1or Torres. Llargmetratge.<br \/><em><strong>Un mundo de juguete\u00a0<\/strong><\/em>\u00a0Dir. Ana Puit Juste. Coprotagonista. Curtmetratge.<br \/><em><strong>El soldado es mago\u00a0<\/strong><\/em>\u00a0Dir. Guillermo Gast\u00f3n. ESCAC. Actor de repartiment: el gu\u00eda. Curtmetratge.<br \/><em><strong>La casa del fin del mundo\u00a0<\/strong><\/em>\u00a0Dir. Marina Jover. Coprotagonista. Curtmetratge.<br \/><em><strong>Sesi\u00f3n golfa\u00a0<\/strong><\/em>\u00a0Dir. Jordi Garcia. ESCAC. Actor de repartiment: director de teatro. Curtmetratge.<br \/><em><strong>Cuento en un parque\u00a0<\/strong><\/em>\u00a0Dir. Isabel Requena. Protagonista. Curtmetratge.<\/p>\t\t\t\t\t\t\t\t<\/div>\n\t\t\t\t<\/div>\n\t\t\t\t\t<\/div>\n\t\t\t\t<\/div>\n\t\t<div class=\"elementor-element elementor-element-6fb5e23 e-flex e-con-boxed e-con e-child\" data-id=\"6fb5e23\" data-element_type=\"container\" data-e-type=\"container\">\n\t\t\t\t\t<div class=\"e-con-inner\">\n\t\t\t\t<div class=\"elementor-element elementor-element-441bff1 elementor-widget elementor-widget-heading\" data-id=\"441bff1\" data-element_type=\"widget\" data-e-type=\"widget\" data-widget_type=\"heading.default\">\n\t\t\t\t<div class=\"elementor-widget-container\">\n\t\t\t\t\t<h1 class=\"elementor-heading-title elementor-size-default\">TV<\/h1>\t\t\t\t<\/div>\n\t\t\t\t<\/div>\n\t\t\t\t<div class=\"elementor-element elementor-element-44885cd elementor-widget elementor-widget-text-editor\" data-id=\"44885cd\" data-element_type=\"widget\" data-e-type=\"widget\" data-widget_type=\"text-editor.default\">\n\t\t\t\t<div class=\"elementor-widget-container\">\n\t\t\t\t\t\t\t\t\t<p><em><strong>Vida Prefecta \u00a0<\/strong><\/em>Dir Leticia Dolera. Movistar. Cap\u00edtol 1, 2\u00aa temporada. Actor de repartiment.<em><strong>\u00a0<br \/><\/strong><\/em><em><strong>Centro M\u00e9dico <\/strong><\/em>TV1 Cap\u00edtol &#8220;Sin ojo y sin mojo, menudo despojo&#8221;. Protagonista.<br \/><em><strong>13 Maneres de quedar-se sol\u00a0<\/strong><\/em>\u00a0Xarxa de televisions locals. Cap\u00edtol 4. Jan i Miguel<br \/>S\u00e8rie\u00a0<em><strong>\u00a0\u00c1guila Roja\u00a0<\/strong><\/em>\u00a0TV1. Episodio 36. Actor de repartiment: el captaire.<br \/>S\u00e8rie\u00a0<em><strong>\u00a0A\u00edda\u00a0<\/strong><\/em>\u00a0TELE5. Episodi 73. Actor de repartiment: el Putacabra.<br \/>Programa\u00a0<em><strong>\u00a0Immer Wider\u00a0<\/strong><\/em>\u00a0ZDF TV. Alemanya. Actor. Europa Park.<br \/>Documental\u00a0<em><strong>\u00a0Maravillas del Mundo\u00a0<\/strong><\/em>\u00a0TV Canada. Actor d\u2019\u00e8poca.<br \/>Programa infantil\u00a0<em><strong>\u00a0Barrio S\u00e9samo\u00a0<\/strong><\/em>\u00a0TV1. Quatre cap\u00edtols amb personatges propis.<br \/>Programa\u00a0<em><strong>\u00a0Lo que necesitas es amor\u00a0<\/strong><\/em>\u00a0ANTENA3. Actor. Port Aventura<br \/>S\u00e8rie\u00a0<em><strong>\u00a0Delantero\u00a0<\/strong><\/em>\u00a0TV1. Artista de circ.<br \/>Concurs\u00a0<em><strong>\u00a0Lluna de mel\u00a0<\/strong><\/em>\u00a0TV3. Actor personatge g\u00e1ngster.<\/p>\t\t\t\t\t\t\t\t<\/div>\n\t\t\t\t<\/div>\n\t\t\t\t\t<\/div>\n\t\t\t\t<\/div>\n\t\t<div class=\"elementor-element elementor-element-55a3dfc e-flex e-con-boxed e-con e-child\" data-id=\"55a3dfc\" data-element_type=\"container\" data-e-type=\"container\">\n\t\t\t\t\t<div class=\"e-con-inner\">\n\t\t\t\t<div class=\"elementor-element elementor-element-93c2d87 elementor-widget elementor-widget-heading\" data-id=\"93c2d87\" data-element_type=\"widget\" data-e-type=\"widget\" data-widget_type=\"heading.default\">\n\t\t\t\t<div class=\"elementor-widget-container\">\n\t\t\t\t\t<h1 class=\"elementor-heading-title elementor-size-default\">Teatre<\/h1>\t\t\t\t<\/div>\n\t\t\t\t<\/div>\n\t\t\t\t<div class=\"elementor-element elementor-element-e6ea6a4 elementor-widget elementor-widget-text-editor\" data-id=\"e6ea6a4\" data-element_type=\"widget\" data-e-type=\"widget\" data-widget_type=\"text-editor.default\">\n\t\t\t\t<div class=\"elementor-widget-container\">\n\t\t\t\t\t\t\t\t\t<p><strong>SAPERE AUDE\u00a0<\/strong>\u00a0Dido i Medea, amor i respecte. Actor-M\u00fasic.<br \/><strong>H20\u00a0<\/strong>\u00a0\u201cLes Maletes M\u00e0giques\u201d Autor, direcci\u00f3 y actor junt amb Miquel Crespi.<br \/><strong>EUROPA PARK\u00a0<\/strong>\u00a0Parc Tem\u00e0tic a Alemanya. Actor especialista.<br \/><strong>ELS COMEDIANTS\u00a0<\/strong>\u00a0Dimonis. Actor.<br \/><strong>INSOLITS\u00a0<\/strong>\u00a0Actor fundador. Actualment Actor i Director.<br \/><strong>PORT AVENTURA\u00a0<\/strong>\u00a0Parc Tem\u00e0tic. Actor de carrer.<br \/><strong>PARQUE ESPA\u00d1A\u00a0<\/strong>\u00a0Parc Tem\u00e0tic al Jap\u00f3. Artista de varietats.<br \/><strong>LA FURA DEL BAUS\u00a0<\/strong>\u00a0Cerim\u00f2nia jocs ol\u00edmpics Barcelona 92. Actor.<br \/><strong>UNICORNIS TEATRE\u00a0<\/strong>\u00a0Actor fundador. Espectacles de teatre de carrer.<\/p>\t\t\t\t\t\t\t\t<\/div>\n\t\t\t\t<\/div>\n\t\t\t\t\t<\/div>\n\t\t\t\t<\/div>\n\t\t<div class=\"elementor-element elementor-element-8b8c097 e-flex e-con-boxed e-con e-child\" data-id=\"8b8c097\" data-element_type=\"container\" data-e-type=\"container\">\n\t\t\t\t\t<div class=\"e-con-inner\">\n\t\t\t\t<div class=\"elementor-element elementor-element-9b2a501 elementor-widget elementor-widget-heading\" data-id=\"9b2a501\" data-element_type=\"widget\" data-e-type=\"widget\" data-widget_type=\"heading.default\">\n\t\t\t\t<div class=\"elementor-widget-container\">\n\t\t\t\t\t<h1 class=\"elementor-heading-title elementor-size-default\">Formaci\u00f3<\/h1>\t\t\t\t<\/div>\n\t\t\t\t<\/div>\n\t\t\t\t<div class=\"elementor-element elementor-element-81d2d72 elementor-widget elementor-widget-text-editor\" data-id=\"81d2d72\" data-element_type=\"widget\" data-e-type=\"widget\" data-widget_type=\"text-editor.default\">\n\t\t\t\t<div class=\"elementor-widget-container\">\n\t\t\t\t\t\t\t\t\t<p>Laboratori de teatre amb Boris Rotenstein. AISGE.<br \/>T\u00e8cnica Meisner amb Javier Galit\u00f3-Cava i Mathew Graham.<br \/>L\u2019actor davant la c\u00e0mara amb Pablo Silberschmidt<br \/>Entrenament actoral. Procediment Daute EOLIA<br \/>La pres\u00e8ncia vocal-corporal de l\u2019actor. Pere Sais AISGE<br \/>M\u00e8tode Margolis per l\u2019actuaci\u00f3 i creaci\u00f3 teatral AADPC<br \/>Escola Hongaresa d\u2019Esgrima a Barcelona. Imre Dobos.<br \/>Cos i moviment per artistes de circ. Anny Morin.<br \/>Mim i pantomima. Joan Cus\u00f3.<br \/>M\u00fasica. Tanja Haupt.<br \/>Clown. Steve Smith. Circo Ringling.<br \/>Pedagogia del Malabarisme. Mister Babache<br \/>Comedia del Arte. Xavier Villena.<br \/>Acrob\u00e0cia. Toni Espa\u00f1ol.<\/p>\t\t\t\t\t\t\t\t<\/div>\n\t\t\t\t<\/div>\n\t\t\t\t\t<\/div>\n\t\t\t\t<\/div>\n\t\t<div class=\"elementor-element elementor-element-2db5273 e-flex e-con-boxed e-con e-child\" data-id=\"2db5273\" data-element_type=\"container\" data-e-type=\"container\">\n\t\t\t\t\t<div class=\"e-con-inner\">\n\t\t\t\t<div class=\"elementor-element elementor-element-2a4ae9a elementor-widget elementor-widget-heading\" data-id=\"2a4ae9a\" data-element_type=\"widget\" data-e-type=\"widget\" data-widget_type=\"heading.default\">\n\t\t\t\t<div class=\"elementor-widget-container\">\n\t\t\t\t\t<h1 class=\"elementor-heading-title elementor-size-default\">Habilitats especials<\/h1>\t\t\t\t<\/div>\n\t\t\t\t<\/div>\n\t\t\t\t<div class=\"elementor-element elementor-element-e95353d elementor-widget elementor-widget-text-editor\" data-id=\"e95353d\" data-element_type=\"widget\" data-e-type=\"widget\" data-widget_type=\"text-editor.default\">\n\t\t\t\t<div class=\"elementor-widget-container\">\n\t\t\t\t\t\t\t\t\t<p>Clown, M\u00e0gia, Malabarisme, Monocicle, Xanques, Globofl\u00e8xia, Bicicleta, Nataci\u00f3, Equitaci\u00f3, Esgrima, Dan\u00e7a contempor\u00e0nia, Clarinet, Saxo Soprano, Harm\u00f2nica, Ukelele, Carnet B i A.<\/p>\t\t\t\t\t\t\t\t<\/div>\n\t\t\t\t<\/div>\n\t\t\t\t\t<\/div>\n\t\t\t\t<\/div>\n\t\t<div class=\"elementor-element elementor-element-4cb39c2 e-flex e-con-boxed e-con e-child\" data-id=\"4cb39c2\" data-element_type=\"container\" data-e-type=\"container\">\n\t\t\t\t\t<div class=\"e-con-inner\">\n\t\t\t\t<div class=\"elementor-element elementor-element-db17132 elementor-widget elementor-widget-heading\" data-id=\"db17132\" data-element_type=\"widget\" data-e-type=\"widget\" data-widget_type=\"heading.default\">\n\t\t\t\t<div class=\"elementor-widget-container\">\n\t\t\t\t\t<h1 class=\"elementor-heading-title elementor-size-default\">Idiomes<\/h1>\t\t\t\t<\/div>\n\t\t\t\t<\/div>\n\t\t\t\t<div class=\"elementor-element elementor-element-f316cac elementor-widget elementor-widget-text-editor\" data-id=\"f316cac\" data-element_type=\"widget\" data-e-type=\"widget\" data-widget_type=\"text-editor.default\">\n\t\t\t\t<div class=\"elementor-widget-container\">\n\t\t\t\t\t\t\t\t\t<p>Castell\u00e0 i Catal\u00e0.<\/p>\t\t\t\t\t\t\t\t<\/div>\n\t\t\t\t<\/div>\n\t\t\t\t\t<\/div>\n\t\t\t\t<\/div>\n\t\t\t\t<div class=\"elementor-element elementor-element-21682e8 elementor-widget elementor-widget-button\" data-id=\"21682e8\" data-element_type=\"widget\" data-e-type=\"widget\" data-widget_type=\"button.default\">\n\t\t\t\t<div class=\"elementor-widget-container\">\n\t\t\t\t\t\t\t\t\t<div class=\"elementor-button-wrapper\">\n\t\t\t\t\t<a class=\"elementor-button elementor-button-link elementor-size-sm\" href=\"https:\/\/luismiguelpardo.com\/wp-content\/uploads\/2016\/09\/luismi-pardo-actor-cv.pdf\">\n\t\t\t\t\t\t<span class=\"elementor-button-content-wrapper\">\n\t\t\t\t\t\t\t\t\t<span class=\"elementor-button-text\">Descargarregar CV completo<\/span>\n\t\t\t\t\t<\/span>\n\t\t\t\t\t<\/a>\n\t\t\t\t<\/div>\n\t\t\t\t\t\t\t\t<\/div>\n\t\t\t\t<\/div>\n\t\t\t\t<\/div>\n\t\t<div class=\"elementor-element elementor-element-8055b0f e-con-full e-flex elementor-invisible e-con e-child\" data-id=\"8055b0f\" data-element_type=\"container\" data-e-type=\"container\" data-settings=\"{&quot;background_background&quot;:&quot;classic&quot;,&quot;sticky&quot;:&quot;top&quot;,&quot;sticky_on&quot;:[&quot;desktop&quot;,&quot;tablet&quot;],&quot;animation&quot;:&quot;fadeIn&quot;,&quot;sticky_offset&quot;:0,&quot;sticky_effects_offset&quot;:0,&quot;sticky_anchor_link_offset&quot;:0}\">\n\t\t\t\t<div class=\"elementor-element elementor-element-3e30259 elementor-widget elementor-widget-spacer\" data-id=\"3e30259\" data-element_type=\"widget\" data-e-type=\"widget\" data-widget_type=\"spacer.default\">\n\t\t\t\t<div class=\"elementor-widget-container\">\n\t\t\t\t\t\t\t<div class=\"elementor-spacer\">\n\t\t\t<div class=\"elementor-spacer-inner\"><\/div>\n\t\t<\/div>\n\t\t\t\t\t\t<\/div>\n\t\t\t\t<\/div>\n\t\t\t\t<\/div>\n\t\t\t\t<\/div>\n\t\t\t\t<\/div>\n\t\t","protected":false},"excerpt":{"rendered":"<p>CineMA Historias Lamentables Dir. Javier Fesser Actor de repartiment jugador poker. Llargmetratge.Forum Porcos Dir Adri\u00e1n Aparicio. ECIR Coprotagonista. Curtmetratge.Gallo Rojo Dir. Dave Jackson. ESCAC Coprotagonista. Curtmetratge.Oro y Sangre\u00a0\u00a0Dir. Jos\u00e9 Le\u00f3n. BANDAPART. Coprotagonista. Curtmetratge.Salud Dinero y Amor\u00a0\u00a0Dir. Gerard Rodr\u00edguez. EMAV. Protagonista. Curtmetratge.El ni\u00f1o alcalde\u00a0\u00a0Dir. Chiara Sulis. BANDAPART. Actor de repartiment. Curtmetratge.La magia del reparador\u00a0\u00a0Dir. Elisa Castanera. [&hellip;]<\/p>\n","protected":false},"author":2,"featured_media":0,"parent":0,"menu_order":0,"comment_status":"closed","ping_status":"closed","template":"","meta":{"footnotes":""},"class_list":["post-133","page","type-page","status-publish","hentry"],"yoast_head":"<!-- This site is optimized with the Yoast SEO plugin v27.4 - https:\/\/yoast.com\/product\/yoast-seo-wordpress\/ -->\n<title>Curr\u00edculum - Luis Miguel Pardo<\/title>\n<meta name=\"robots\" content=\"index, follow, max-snippet:-1, max-image-preview:large, max-video-preview:-1\" \/>\n<link rel=\"canonical\" href=\"https:\/\/luismiguelpardo.com\/ca\/curriculum\/\" \/>\n<meta property=\"og:locale\" content=\"ca_ES\" \/>\n<meta property=\"og:type\" content=\"article\" \/>\n<meta property=\"og:title\" content=\"Curr\u00edculum - Luis Miguel Pardo\" \/>\n<meta property=\"og:description\" content=\"CineMA Historias Lamentables Dir. Javier Fesser Actor de repartiment jugador poker. Llargmetratge.Forum Porcos Dir Adri\u00e1n Aparicio. ECIR Coprotagonista. Curtmetratge.Gallo Rojo Dir. Dave Jackson. ESCAC Coprotagonista. Curtmetratge.Oro y Sangre\u00a0\u00a0Dir. Jos\u00e9 Le\u00f3n. BANDAPART. Coprotagonista. Curtmetratge.Salud Dinero y Amor\u00a0\u00a0Dir. Gerard Rodr\u00edguez. EMAV. Protagonista. Curtmetratge.El ni\u00f1o alcalde\u00a0\u00a0Dir. Chiara Sulis. BANDAPART. Actor de repartiment. Curtmetratge.La magia del reparador\u00a0\u00a0Dir. Elisa Castanera. [&hellip;]\" \/>\n<meta property=\"og:url\" content=\"https:\/\/luismiguelpardo.com\/ca\/curriculum\/\" \/>\n<meta property=\"og:site_name\" content=\"Luis Miguel Pardo\" \/>\n<meta property=\"article:publisher\" content=\"https:\/\/www.facebook.com\/luis.m.pardo.5\" \/>\n<meta property=\"article:modified_time\" content=\"2024-06-06T10:14:30+00:00\" \/>\n<meta property=\"og:image\" content=\"https:\/\/luismiguelpardo.com\/wp-content\/uploads\/2016\/09\/luismi-pardo-actor.jpg\" \/>\n\t<meta property=\"og:image:width\" content=\"3000\" \/>\n\t<meta property=\"og:image:height\" content=\"1993\" \/>\n\t<meta property=\"og:image:type\" content=\"image\/jpeg\" \/>\n<meta name=\"twitter:card\" content=\"summary_large_image\" \/>\n<meta name=\"twitter:site\" content=\"@luismi61772150\" \/>\n<meta name=\"twitter:label1\" content=\"Temps estimat de lectura\" \/>\n\t<meta name=\"twitter:data1\" content=\"3 minuts\" \/>\n<script type=\"application\/ld+json\" class=\"yoast-schema-graph\">{\"@context\":\"https:\\\/\\\/schema.org\",\"@graph\":[{\"@type\":\"WebPage\",\"@id\":\"https:\\\/\\\/luismiguelpardo.com\\\/ca\\\/curriculum\\\/\",\"url\":\"https:\\\/\\\/luismiguelpardo.com\\\/ca\\\/curriculum\\\/\",\"name\":\"Curr\u00edculum - Luis Miguel Pardo\",\"isPartOf\":{\"@id\":\"https:\\\/\\\/luismiguelpardo.com\\\/#website\"},\"datePublished\":\"2016-09-28T14:32:18+00:00\",\"dateModified\":\"2024-06-06T10:14:30+00:00\",\"breadcrumb\":{\"@id\":\"https:\\\/\\\/luismiguelpardo.com\\\/ca\\\/curriculum\\\/#breadcrumb\"},\"inLanguage\":\"ca\",\"potentialAction\":[{\"@type\":\"ReadAction\",\"target\":[\"https:\\\/\\\/luismiguelpardo.com\\\/ca\\\/curriculum\\\/\"]}]},{\"@type\":\"BreadcrumbList\",\"@id\":\"https:\\\/\\\/luismiguelpardo.com\\\/ca\\\/curriculum\\\/#breadcrumb\",\"itemListElement\":[{\"@type\":\"ListItem\",\"position\":1,\"name\":\"Portada\",\"item\":\"https:\\\/\\\/luismiguelpardo.com\\\/ca\\\/luis-miguel-pardo\\\/\"},{\"@type\":\"ListItem\",\"position\":2,\"name\":\"Curr\u00edculum\"}]},{\"@type\":\"WebSite\",\"@id\":\"https:\\\/\\\/luismiguelpardo.com\\\/#website\",\"url\":\"https:\\\/\\\/luismiguelpardo.com\\\/\",\"name\":\"Luis Miguel Pardo\",\"description\":\"Actor\",\"potentialAction\":[{\"@type\":\"SearchAction\",\"target\":{\"@type\":\"EntryPoint\",\"urlTemplate\":\"https:\\\/\\\/luismiguelpardo.com\\\/?s={search_term_string}\"},\"query-input\":{\"@type\":\"PropertyValueSpecification\",\"valueRequired\":true,\"valueName\":\"search_term_string\"}}],\"inLanguage\":\"ca\"}]}<\/script>\n<!-- \/ Yoast SEO plugin. -->","yoast_head_json":{"title":"Curr\u00edculum - Luis Miguel Pardo","robots":{"index":"index","follow":"follow","max-snippet":"max-snippet:-1","max-image-preview":"max-image-preview:large","max-video-preview":"max-video-preview:-1"},"canonical":"https:\/\/luismiguelpardo.com\/ca\/curriculum\/","og_locale":"ca_ES","og_type":"article","og_title":"Curr\u00edculum - Luis Miguel Pardo","og_description":"CineMA Historias Lamentables Dir. Javier Fesser Actor de repartiment jugador poker. Llargmetratge.Forum Porcos Dir Adri\u00e1n Aparicio. ECIR Coprotagonista. Curtmetratge.Gallo Rojo Dir. Dave Jackson. ESCAC Coprotagonista. Curtmetratge.Oro y Sangre\u00a0\u00a0Dir. Jos\u00e9 Le\u00f3n. BANDAPART. Coprotagonista. Curtmetratge.Salud Dinero y Amor\u00a0\u00a0Dir. Gerard Rodr\u00edguez. EMAV. Protagonista. Curtmetratge.El ni\u00f1o alcalde\u00a0\u00a0Dir. Chiara Sulis. BANDAPART. Actor de repartiment. Curtmetratge.La magia del reparador\u00a0\u00a0Dir. Elisa Castanera. [&hellip;]","og_url":"https:\/\/luismiguelpardo.com\/ca\/curriculum\/","og_site_name":"Luis Miguel Pardo","article_publisher":"https:\/\/www.facebook.com\/luis.m.pardo.5","article_modified_time":"2024-06-06T10:14:30+00:00","og_image":[{"width":3000,"height":1993,"url":"https:\/\/luismiguelpardo.com\/wp-content\/uploads\/2016\/09\/luismi-pardo-actor.jpg","type":"image\/jpeg"}],"twitter_card":"summary_large_image","twitter_site":"@luismi61772150","twitter_misc":{"Temps estimat de lectura":"3 minuts"},"schema":{"@context":"https:\/\/schema.org","@graph":[{"@type":"WebPage","@id":"https:\/\/luismiguelpardo.com\/ca\/curriculum\/","url":"https:\/\/luismiguelpardo.com\/ca\/curriculum\/","name":"Curr\u00edculum - Luis Miguel Pardo","isPartOf":{"@id":"https:\/\/luismiguelpardo.com\/#website"},"datePublished":"2016-09-28T14:32:18+00:00","dateModified":"2024-06-06T10:14:30+00:00","breadcrumb":{"@id":"https:\/\/luismiguelpardo.com\/ca\/curriculum\/#breadcrumb"},"inLanguage":"ca","potentialAction":[{"@type":"ReadAction","target":["https:\/\/luismiguelpardo.com\/ca\/curriculum\/"]}]},{"@type":"BreadcrumbList","@id":"https:\/\/luismiguelpardo.com\/ca\/curriculum\/#breadcrumb","itemListElement":[{"@type":"ListItem","position":1,"name":"Portada","item":"https:\/\/luismiguelpardo.com\/ca\/luis-miguel-pardo\/"},{"@type":"ListItem","position":2,"name":"Curr\u00edculum"}]},{"@type":"WebSite","@id":"https:\/\/luismiguelpardo.com\/#website","url":"https:\/\/luismiguelpardo.com\/","name":"Luis Miguel Pardo","description":"Actor","potentialAction":[{"@type":"SearchAction","target":{"@type":"EntryPoint","urlTemplate":"https:\/\/luismiguelpardo.com\/?s={search_term_string}"},"query-input":{"@type":"PropertyValueSpecification","valueRequired":true,"valueName":"search_term_string"}}],"inLanguage":"ca"}]}},"_links":{"self":[{"href":"https:\/\/luismiguelpardo.com\/ca\/wp-json\/wp\/v2\/pages\/133","targetHints":{"allow":["GET"]}}],"collection":[{"href":"https:\/\/luismiguelpardo.com\/ca\/wp-json\/wp\/v2\/pages"}],"about":[{"href":"https:\/\/luismiguelpardo.com\/ca\/wp-json\/wp\/v2\/types\/page"}],"author":[{"embeddable":true,"href":"https:\/\/luismiguelpardo.com\/ca\/wp-json\/wp\/v2\/users\/2"}],"replies":[{"embeddable":true,"href":"https:\/\/luismiguelpardo.com\/ca\/wp-json\/wp\/v2\/comments?post=133"}],"version-history":[{"count":8,"href":"https:\/\/luismiguelpardo.com\/ca\/wp-json\/wp\/v2\/pages\/133\/revisions"}],"predecessor-version":[{"id":480,"href":"https:\/\/luismiguelpardo.com\/ca\/wp-json\/wp\/v2\/pages\/133\/revisions\/480"}],"wp:attachment":[{"href":"https:\/\/luismiguelpardo.com\/ca\/wp-json\/wp\/v2\/media?parent=133"}],"curies":[{"name":"wp","href":"https:\/\/api.w.org\/{rel}","templated":true}]}}