{"id":197,"date":"2016-09-28T14:14:31","date_gmt":"2016-09-28T14:14:31","guid":{"rendered":"http:\/\/luismiguelpardo.com\/ca\/luis-miguel-pardo\/"},"modified":"2024-06-06T13:19:42","modified_gmt":"2024-06-06T11:19:42","slug":"luis-miguel-pardo","status":"publish","type":"page","link":"https:\/\/luismiguelpardo.com\/ca\/","title":{"rendered":"Luis Miguel Pardo"},"content":{"rendered":"\t\t<div data-elementor-type=\"wp-page\" data-elementor-id=\"197\" class=\"elementor elementor-197 elementor-6\" data-elementor-post-type=\"page\">\n\t\t\t\t<div class=\"elementor-element elementor-element-a41cb13 e-flex e-con-boxed e-con e-parent\" data-id=\"a41cb13\" data-element_type=\"container\" data-e-type=\"container\" data-settings=\"{&quot;background_background&quot;:&quot;classic&quot;,&quot;sticky&quot;:&quot;top&quot;,&quot;sticky_on&quot;:[&quot;desktop&quot;,&quot;tablet&quot;],&quot;sticky_offset&quot;:0,&quot;sticky_effects_offset&quot;:0,&quot;sticky_anchor_link_offset&quot;:0}\">\n\t\t\t\t\t<div class=\"e-con-inner\">\n\t\t<div class=\"elementor-element elementor-element-0cc3fc2 e-con-full e-flex e-con e-child\" data-id=\"0cc3fc2\" data-element_type=\"container\" data-e-type=\"container\">\n\t\t\t\t<div class=\"elementor-element elementor-element-b114243 elementor-widget elementor-widget-spacer\" data-id=\"b114243\" data-element_type=\"widget\" data-e-type=\"widget\" data-widget_type=\"spacer.default\">\n\t\t\t\t<div class=\"elementor-widget-container\">\n\t\t\t\t\t\t\t<div class=\"elementor-spacer\">\n\t\t\t<div class=\"elementor-spacer-inner\"><\/div>\n\t\t<\/div>\n\t\t\t\t\t\t<\/div>\n\t\t\t\t<\/div>\n\t\t\t\t<\/div>\n\t\t\t\t\t<\/div>\n\t\t\t\t<\/div>\n\t\t\t\t<\/div>\n\t\t","protected":false},"excerpt":{"rendered":"","protected":false},"author":2,"featured_media":282,"parent":0,"menu_order":0,"comment_status":"closed","ping_status":"closed","template":"","meta":{"footnotes":""},"class_list":["post-197","page","type-page","status-publish","has-post-thumbnail","hentry"],"yoast_head":"<!-- This site is optimized with the Yoast SEO plugin v27.4 - https:\/\/yoast.com\/product\/yoast-seo-wordpress\/ -->\n<title>Luis Miguel Pardo | Actor<\/title>\n<meta name=\"description\" content=\"P\u00e0gina web oficial de l&#039;actor Luis Miguel Pardo. Amb el videobook, el curr\u00edculum i el book fotogr\u00e0fic de l&#039;actor.\" \/>\n<meta name=\"robots\" content=\"index, follow, max-snippet:-1, max-image-preview:large, max-video-preview:-1\" \/>\n<link rel=\"canonical\" href=\"https:\/\/luismiguelpardo.com\/ca\/luis-miguel-pardo\/\" \/>\n<meta property=\"og:locale\" content=\"ca_ES\" \/>\n<meta property=\"og:type\" content=\"article\" \/>\n<meta property=\"og:title\" content=\"Luis Miguel Pardo | Actor\" \/>\n<meta property=\"og:description\" content=\"P\u00e0gina web oficial de l&#039;actor Luis Miguel Pardo. Amb el videobook, el curr\u00edculum i el book fotogr\u00e0fic de l&#039;actor.\" \/>\n<meta property=\"og:url\" content=\"https:\/\/luismiguelpardo.com\/ca\/luis-miguel-pardo\/\" \/>\n<meta property=\"og:site_name\" content=\"Luis Miguel Pardo\" \/>\n<meta property=\"article:publisher\" content=\"https:\/\/www.facebook.com\/luis.m.pardo.5\" \/>\n<meta property=\"article:modified_time\" content=\"2024-06-06T11:19:42+00:00\" \/>\n<meta property=\"og:image\" content=\"https:\/\/luismiguelpardo.com\/wp-content\/uploads\/2019\/02\/luismi-pardo-actor-contacto-2019.jpg\" \/>\n\t<meta property=\"og:image:width\" content=\"3000\" \/>\n\t<meta property=\"og:image:height\" content=\"1688\" \/>\n\t<meta property=\"og:image:type\" content=\"image\/jpeg\" \/>\n<meta name=\"twitter:card\" content=\"summary_large_image\" \/>\n<meta name=\"twitter:site\" content=\"@luismi61772150\" \/>\n<script type=\"application\/ld+json\" class=\"yoast-schema-graph\">{\"@context\":\"https:\\\/\\\/schema.org\",\"@graph\":[{\"@type\":\"WebPage\",\"@id\":\"https:\\\/\\\/luismiguelpardo.com\\\/ca\\\/luis-miguel-pardo\\\/\",\"url\":\"https:\\\/\\\/luismiguelpardo.com\\\/ca\\\/luis-miguel-pardo\\\/\",\"name\":\"Luis Miguel Pardo | Actor\",\"isPartOf\":{\"@id\":\"https:\\\/\\\/luismiguelpardo.com\\\/#website\"},\"primaryImageOfPage\":{\"@id\":\"https:\\\/\\\/luismiguelpardo.com\\\/ca\\\/luis-miguel-pardo\\\/#primaryimage\"},\"image\":{\"@id\":\"https:\\\/\\\/luismiguelpardo.com\\\/ca\\\/luis-miguel-pardo\\\/#primaryimage\"},\"thumbnailUrl\":\"https:\\\/\\\/luismiguelpardo.com\\\/wp-content\\\/uploads\\\/2019\\\/02\\\/luismi-pardo-actor-contacto-2019.jpg\",\"datePublished\":\"2016-09-28T14:14:31+00:00\",\"dateModified\":\"2024-06-06T11:19:42+00:00\",\"description\":\"P\u00e0gina web oficial de l'actor Luis Miguel Pardo. Amb el videobook, el curr\u00edculum i el book fotogr\u00e0fic de l'actor.\",\"breadcrumb\":{\"@id\":\"https:\\\/\\\/luismiguelpardo.com\\\/ca\\\/luis-miguel-pardo\\\/#breadcrumb\"},\"inLanguage\":\"ca\",\"potentialAction\":[{\"@type\":\"ReadAction\",\"target\":[\"https:\\\/\\\/luismiguelpardo.com\\\/ca\\\/luis-miguel-pardo\\\/\"]}]},{\"@type\":\"ImageObject\",\"inLanguage\":\"ca\",\"@id\":\"https:\\\/\\\/luismiguelpardo.com\\\/ca\\\/luis-miguel-pardo\\\/#primaryimage\",\"url\":\"https:\\\/\\\/luismiguelpardo.com\\\/wp-content\\\/uploads\\\/2019\\\/02\\\/luismi-pardo-actor-contacto-2019.jpg\",\"contentUrl\":\"https:\\\/\\\/luismiguelpardo.com\\\/wp-content\\\/uploads\\\/2019\\\/02\\\/luismi-pardo-actor-contacto-2019.jpg\",\"width\":3000,\"height\":1688,\"caption\":\"Luismi Pardo - Actor\"},{\"@type\":\"BreadcrumbList\",\"@id\":\"https:\\\/\\\/luismiguelpardo.com\\\/ca\\\/luis-miguel-pardo\\\/#breadcrumb\",\"itemListElement\":[{\"@type\":\"ListItem\",\"position\":1,\"name\":\"Portada\",\"item\":\"https:\\\/\\\/luismiguelpardo.com\\\/ca\\\/luis-miguel-pardo\\\/\"},{\"@type\":\"ListItem\",\"position\":2,\"name\":\"Luis Miguel Pardo\"}]},{\"@type\":\"WebSite\",\"@id\":\"https:\\\/\\\/luismiguelpardo.com\\\/#website\",\"url\":\"https:\\\/\\\/luismiguelpardo.com\\\/\",\"name\":\"Luis Miguel Pardo\",\"description\":\"Actor\",\"potentialAction\":[{\"@type\":\"SearchAction\",\"target\":{\"@type\":\"EntryPoint\",\"urlTemplate\":\"https:\\\/\\\/luismiguelpardo.com\\\/?s={search_term_string}\"},\"query-input\":{\"@type\":\"PropertyValueSpecification\",\"valueRequired\":true,\"valueName\":\"search_term_string\"}}],\"inLanguage\":\"ca\"}]}<\/script>\n<!-- \/ Yoast SEO plugin. -->","yoast_head_json":{"title":"Luis Miguel Pardo | Actor","description":"P\u00e0gina web oficial de l'actor Luis Miguel Pardo. Amb el videobook, el curr\u00edculum i el book fotogr\u00e0fic de l'actor.","robots":{"index":"index","follow":"follow","max-snippet":"max-snippet:-1","max-image-preview":"max-image-preview:large","max-video-preview":"max-video-preview:-1"},"canonical":"https:\/\/luismiguelpardo.com\/ca\/luis-miguel-pardo\/","og_locale":"ca_ES","og_type":"article","og_title":"Luis Miguel Pardo | Actor","og_description":"P\u00e0gina web oficial de l'actor Luis Miguel Pardo. Amb el videobook, el curr\u00edculum i el book fotogr\u00e0fic de l'actor.","og_url":"https:\/\/luismiguelpardo.com\/ca\/luis-miguel-pardo\/","og_site_name":"Luis Miguel Pardo","article_publisher":"https:\/\/www.facebook.com\/luis.m.pardo.5","article_modified_time":"2024-06-06T11:19:42+00:00","og_image":[{"width":3000,"height":1688,"url":"https:\/\/luismiguelpardo.com\/wp-content\/uploads\/2019\/02\/luismi-pardo-actor-contacto-2019.jpg","type":"image\/jpeg"}],"twitter_card":"summary_large_image","twitter_site":"@luismi61772150","schema":{"@context":"https:\/\/schema.org","@graph":[{"@type":"WebPage","@id":"https:\/\/luismiguelpardo.com\/ca\/luis-miguel-pardo\/","url":"https:\/\/luismiguelpardo.com\/ca\/luis-miguel-pardo\/","name":"Luis Miguel Pardo | Actor","isPartOf":{"@id":"https:\/\/luismiguelpardo.com\/#website"},"primaryImageOfPage":{"@id":"https:\/\/luismiguelpardo.com\/ca\/luis-miguel-pardo\/#primaryimage"},"image":{"@id":"https:\/\/luismiguelpardo.com\/ca\/luis-miguel-pardo\/#primaryimage"},"thumbnailUrl":"https:\/\/luismiguelpardo.com\/wp-content\/uploads\/2019\/02\/luismi-pardo-actor-contacto-2019.jpg","datePublished":"2016-09-28T14:14:31+00:00","dateModified":"2024-06-06T11:19:42+00:00","description":"P\u00e0gina web oficial de l'actor Luis Miguel Pardo. Amb el videobook, el curr\u00edculum i el book fotogr\u00e0fic de l'actor.","breadcrumb":{"@id":"https:\/\/luismiguelpardo.com\/ca\/luis-miguel-pardo\/#breadcrumb"},"inLanguage":"ca","potentialAction":[{"@type":"ReadAction","target":["https:\/\/luismiguelpardo.com\/ca\/luis-miguel-pardo\/"]}]},{"@type":"ImageObject","inLanguage":"ca","@id":"https:\/\/luismiguelpardo.com\/ca\/luis-miguel-pardo\/#primaryimage","url":"https:\/\/luismiguelpardo.com\/wp-content\/uploads\/2019\/02\/luismi-pardo-actor-contacto-2019.jpg","contentUrl":"https:\/\/luismiguelpardo.com\/wp-content\/uploads\/2019\/02\/luismi-pardo-actor-contacto-2019.jpg","width":3000,"height":1688,"caption":"Luismi Pardo - Actor"},{"@type":"BreadcrumbList","@id":"https:\/\/luismiguelpardo.com\/ca\/luis-miguel-pardo\/#breadcrumb","itemListElement":[{"@type":"ListItem","position":1,"name":"Portada","item":"https:\/\/luismiguelpardo.com\/ca\/luis-miguel-pardo\/"},{"@type":"ListItem","position":2,"name":"Luis Miguel Pardo"}]},{"@type":"WebSite","@id":"https:\/\/luismiguelpardo.com\/#website","url":"https:\/\/luismiguelpardo.com\/","name":"Luis Miguel Pardo","description":"Actor","potentialAction":[{"@type":"SearchAction","target":{"@type":"EntryPoint","urlTemplate":"https:\/\/luismiguelpardo.com\/?s={search_term_string}"},"query-input":{"@type":"PropertyValueSpecification","valueRequired":true,"valueName":"search_term_string"}}],"inLanguage":"ca"}]}},"_links":{"self":[{"href":"https:\/\/luismiguelpardo.com\/ca\/wp-json\/wp\/v2\/pages\/197","targetHints":{"allow":["GET"]}}],"collection":[{"href":"https:\/\/luismiguelpardo.com\/ca\/wp-json\/wp\/v2\/pages"}],"about":[{"href":"https:\/\/luismiguelpardo.com\/ca\/wp-json\/wp\/v2\/types\/page"}],"author":[{"embeddable":true,"href":"https:\/\/luismiguelpardo.com\/ca\/wp-json\/wp\/v2\/users\/2"}],"replies":[{"embeddable":true,"href":"https:\/\/luismiguelpardo.com\/ca\/wp-json\/wp\/v2\/comments?post=197"}],"version-history":[{"count":10,"href":"https:\/\/luismiguelpardo.com\/ca\/wp-json\/wp\/v2\/pages\/197\/revisions"}],"predecessor-version":[{"id":567,"href":"https:\/\/luismiguelpardo.com\/ca\/wp-json\/wp\/v2\/pages\/197\/revisions\/567"}],"wp:featuredmedia":[{"embeddable":true,"href":"https:\/\/luismiguelpardo.com\/ca\/wp-json\/wp\/v2\/media\/282"}],"wp:attachment":[{"href":"https:\/\/luismiguelpardo.com\/ca\/wp-json\/wp\/v2\/media?parent=197"}],"curies":[{"name":"wp","href":"https:\/\/api.w.org\/{rel}","templated":true}]}}